{"id":1748,"date":"2012-07-21T11:04:22","date_gmt":"2012-07-21T09:04:22","guid":{"rendered":"http:\/\/samuel.trygger.nu\/wp\/?page_id=1748"},"modified":"2012-07-22T12:07:54","modified_gmt":"2012-07-22T10:07:54","slug":"god-natt-god-somn","status":"publish","type":"page","link":"http:\/\/samuel.trygger.nu\/wp\/vissangaren\/sanger\/god-natt-god-somn\/","title":{"rendered":"God natt \u2014 god s\u00f6mn"},"content":{"rendered":"<p><em>Ord: Dan Andersson. Musik: Samuel Trygger.<br \/>\nPublicerad p\u00e5 skivan<a title=\"Skivor\" href=\"http:\/\/samuel.trygger.nu\/wp\/vissangaren\/skivor\/\"><strong> Jag har dr\u00f6mt<\/strong><\/a>.<\/em><\/p>\n<pre>(D) G\u00a0\u00a0\u00a0\u00a0\u00a0 D\u00a0\u00a0 G\u00a0\u00a0\u00a0\u00a0\u00a0\u00a0\u00a0 C\r\nGod natt \u2014 god s\u00f6mn jag \u00f6nskar er,\r\n   D\u00a0\u00a0\u00a0\u00a0\u00a0\u00a0\u00a0\u00a0\u00a0\u00a0\u00a0\u00a0 G\r\nni alla vandringsm\u00e4n.\r\n         C\u00a0\u00a0\u00a0\u00a0\u00a0\u00a0\u00a0\u00a0\u00a0 D\u00a0\u00a0\u00a0\u00a0\u00a0\u00a0\u00a0\u00a0\u00a0\u00a0\u00a0\u00a0 G\r\nVi sluta sjunga och skiljas \u2014 vad mer\r\n   G\u00a0\u00a0\u00a0\u00a0\u00a0\u00a0\u00a0\u00a0\u00a0\u00a0\u00a0\u00a0\u00a0\u00a0\u00a0\u00a0\u00a0 C\r\nom aldrig vi tr\u00e4ffas igen.\r\n        D\u00a0\u00a0\u00a0\u00a0\u00a0\u00a0\u00a0\u00a0\u00a0 C\u00a0\u00a0\u00a0\u00a0\u00a0\u00a0\u00a0\u00a0 G\u00a0\u00a0\u00a0\u00a0\u00a0\u00a0\u00a0\u00a0\u00a0 D\r\nJag har sagt n\u00e5got litet och fattigt av det\r\n    G\u00a0\u00a0\u00a0\u00a0\u00a0\u00a0\u00a0\u00a0\u00a0\u00a0 C\u00a0\u00a0\u00a0\u00a0\u00a0\u00a0\u00a0\u00a0\u00a0 D\u00a0\u00a0\u00a0\u00a0\u00a0\u00a0\u00a0\u00a0\u00a0\u00a0\u00a0\u00a0 G\r\nsom brunnit hos mig och s\u00e5 snart brinner ner,\r\n        C\u00a0\u00a0\u00a0\u00a0\u00a0\u00a0\u00a0\u00a0\u00a0\u00a0 D\u00a0\u00a0\u00a0\u00a0\u00a0\u00a0\u00a0\u00a0\u00a0\u00a0\u00a0 G\u00a0\u00a0\u00a0\u00a0\u00a0\u00a0\u00a0 C\r\nmen den k\u00e4rlek, d\u00e4r fanns, ej f\u00f6rg\u00e4ngelse vet \u2014\r\n    C\u00a0\u00a0\u00a0\u00a0\u00a0\u00a0\u00a0\u00a0\u00a0 D\u00a0\u00a0\u00a0\u00a0\u00a0\u00a0 G      C  D  C  G\r\ngod natt \u2014 god s\u00f6mn \u00e5t er.<\/pre>\n<hr \/>\n<p><a href=\"http:\/\/samuel.trygger.nu\/wp\/wp-content\/uploads\/2012\/07\/Samuel_Trygger-Jag_har_dromt-God_natt_-_god_somn.pdf\" target=\"_blank\"><strong>Text och ackordsanalys<\/strong><\/a> som PDF.<br \/>\n<a href=\"http:\/\/samuel.trygger.nu\/wp\/wp-content\/uploads\/2012\/07\/Samuel_Trygger-Jag_har_dromt-God_natt_-_god_somn-noter.pdf\" target=\"_blank\"><strong> Noterna<\/strong><\/a> som PDF.<\/p>\n","protected":false},"excerpt":{"rendered":"<p>Ord: Dan Andersson. Musik: Samuel Trygger. Publicerad p\u00e5 skivan Jag har dr\u00f6mt. (D) G\u00a0\u00a0\u00a0\u00a0\u00a0 D\u00a0\u00a0 G\u00a0\u00a0\u00a0\u00a0\u00a0\u00a0\u00a0 C God natt \u2014 god s\u00f6mn jag \u00f6nskar er, D\u00a0\u00a0\u00a0\u00a0\u00a0\u00a0\u00a0\u00a0\u00a0\u00a0\u00a0\u00a0 G ni alla vandringsm\u00e4n. C\u00a0\u00a0\u00a0\u00a0\u00a0\u00a0\u00a0\u00a0\u00a0 D\u00a0\u00a0\u00a0\u00a0\u00a0\u00a0\u00a0\u00a0\u00a0\u00a0\u00a0\u00a0 G Vi sluta sjunga och skiljas \u2014 vad &hellip; <a href=\"http:\/\/samuel.trygger.nu\/wp\/vissangaren\/sanger\/god-natt-god-somn\/\">L\u00e4s mer <span class=\"meta-nav\">&rarr;<\/span><\/a><\/p>\n","protected":false},"author":1,"featured_media":0,"parent":35,"menu_order":0,"comment_status":"open","ping_status":"closed","template":"","meta":{"ngg_post_thumbnail":0,"footnotes":""},"class_list":["post-1748","page","type-page","status-publish","hentry"],"_links":{"self":[{"href":"http:\/\/samuel.trygger.nu\/wp\/wp-json\/wp\/v2\/pages\/1748","targetHints":{"allow":["GET"]}}],"collection":[{"href":"http:\/\/samuel.trygger.nu\/wp\/wp-json\/wp\/v2\/pages"}],"about":[{"href":"http:\/\/samuel.trygger.nu\/wp\/wp-json\/wp\/v2\/types\/page"}],"author":[{"embeddable":true,"href":"http:\/\/samuel.trygger.nu\/wp\/wp-json\/wp\/v2\/users\/1"}],"replies":[{"embeddable":true,"href":"http:\/\/samuel.trygger.nu\/wp\/wp-json\/wp\/v2\/comments?post=1748"}],"version-history":[{"count":5,"href":"http:\/\/samuel.trygger.nu\/wp\/wp-json\/wp\/v2\/pages\/1748\/revisions"}],"predecessor-version":[{"id":1870,"href":"http:\/\/samuel.trygger.nu\/wp\/wp-json\/wp\/v2\/pages\/1748\/revisions\/1870"}],"up":[{"embeddable":true,"href":"http:\/\/samuel.trygger.nu\/wp\/wp-json\/wp\/v2\/pages\/35"}],"wp:attachment":[{"href":"http:\/\/samuel.trygger.nu\/wp\/wp-json\/wp\/v2\/media?parent=1748"}],"curies":[{"name":"wp","href":"https:\/\/api.w.org\/{rel}","templated":true}]}}